{"id":157,"date":"2020-04-22T13:30:26","date_gmt":"2020-04-22T13:30:26","guid":{"rendered":"http:\/\/persianaseleganthouse.com\/?page_id=157"},"modified":"2021-03-04T00:57:21","modified_gmt":"2021-03-04T05:57:21","slug":"enrollables","status":"publish","type":"page","link":"https:\/\/persianaseleganthouse.com\/index.php\/nuestros-productos\/enrollables\/","title":{"rendered":"Enrollables"},"content":{"rendered":"<p>[et_pb_section fb_built=\u00bb1&#8243; _builder_version=\u00bb4.4.3&#8243; background_image=\u00bbhttps:\/\/persianaseleganthouse.com\/wp-content\/uploads\/2020\/03\/6364.jpg\u00bb hover_enabled=\u00bb0&#8243;][et_pb_row _builder_version=\u00bb4.4.3&#8243; collapsed=\u00bbon\u00bb][et_pb_column type=\u00bb4_4&#8243; _builder_version=\u00bb4.4.3&#8243;][et_pb_post_title meta=\u00bboff\u00bb featured_image=\u00bboff\u00bb text_color=\u00bblight\u00bb _builder_version=\u00bb4.4.3&#8243; title_font=\u00bbMontserrat|600|||||||\u00bb title_text_color=\u00bb#ffffff\u00bb title_font_size=\u00bb33px\u00bb custom_margin=\u00bb21px||-62px||false|false\u00bb hover_enabled=\u00bb0&#8243; title_text_shadow_style=\u00bbpreset2&#8243; title_text_shadow_blur_strength=\u00bb0.23em\u00bb title_text_shadow_color=\u00bb#000000&#8243;][\/et_pb_post_title][\/et_pb_column][\/et_pb_row][\/et_pb_section][et_pb_section fb_built=\u00bb1&#8243; _builder_version=\u00bb4.4.3&#8243; custom_padding=\u00bb38px||19px|||\u00bb][et_pb_row _builder_version=\u00bb4.4.3&#8243; custom_margin=\u00bb-4px|auto||auto||\u00bb custom_padding=\u00bb16px|||||\u00bb][et_pb_column type=\u00bb4_4&#8243; _builder_version=\u00bb4.4.3&#8243;][et_pb_text _builder_version=\u00bb4.4.3&#8243; text_font=\u00bbQuicksand||||||||\u00bb text_font_size=\u00bb19px\u00bb text_line_height=\u00bb1.8em\u00bb]<\/p>\n<p>Las cortinas enrollables son especiales para cubrir diferentes tama\u00f1os de ventanas, por esto una de sus caracter\u00edsticas principales es la versatilidad.<br \/>Es un producto pr\u00e1ctico y de f\u00e1cil manejo, que se adapta al dise\u00f1o de cualquier ambiente. Esta l\u00ednea est\u00e1 compuesta por un conjunto de modernos mecanismos de control que permiten enrollar y desenrollar la tela de la cortina, sobre un tubo de aluminio o acero. Tiene una acci\u00f3n de freno incorporado que asegura la cortina en cualquier altura y permite su f\u00e1cil manejo.<\/p>\n<p>Caracter\u00edsticas<br \/>\u2022 Tubo de acero de di\u00e1metro de 38 mm<br \/>\u2022 Suave y confiable mecanismo de operaci\u00f3n<br \/>\u2022 Base circular forrada en tela<br \/>\u2022 Sistema manual y motorizada<br \/>\u2022 Entradas de luz reducidas a ambos costados<br \/>\u2022 Amplia colecci\u00f3n de telas, con m\u00faltiples alternativas en cuanto a colores, texturas, acabados y niveles de privacidad<br \/>\u2022 Cuatro niveles de privacidad disponibles: Traslucidas, opacas y Black out<br \/>\u2022 Telas solar Screen en diferentes factores de apertura (paso luz permitido por la tela) que garantizan un control especializado y eficiente de los rayos UV<br \/>GARANTIAS : 1 A\u00f1os de garant\u00eda<\/p>\n<p>[\/et_pb_text][\/et_pb_column][\/et_pb_row][\/et_pb_section][et_pb_section fb_built=\u00bb1&#8243; _builder_version=\u00bb4.4.3&#8243; custom_padding=\u00bb38px|||||\u00bb collapsed=\u00bboff\u00bb][et_pb_row _builder_version=\u00bb4.4.3&#8243; collapsed=\u00bboff\u00bb][et_pb_column type=\u00bb4_4&#8243; _builder_version=\u00bb4.4.3&#8243;][et_pb_gallery gallery_ids=\u00bb185,186,188,192,193,424,423,422,421,420,419,417,416,415,414,413,412,411,410,409,408,407,406,404,403,402,401,400,399,398,397,396,395,394,393,392,391,389,897,898,899,900,901,902,903,904,905,906&#8243; posts_number=\u00bb12&#8243; show_title_and_caption=\u00bboff\u00bb _builder_version=\u00bb4.4.3&#8243;][\/et_pb_gallery][\/et_pb_column][\/et_pb_row][\/et_pb_section]<\/p>\n","protected":false},"excerpt":{"rendered":"<p>[et_pb_section fb_built=\u00bb1&#8243; _builder_version=\u00bb4.4.3&#8243; background_image=\u00bbhttps:\/\/persianaseleganthouse.com\/wp-content\/uploads\/2020\/03\/6364.jpg\u00bb hover_enabled=\u00bb0&#8243;][et_pb_row _builder_version=\u00bb4.4.3&#8243; collapsed=\u00bbon\u00bb][et_pb_column type=\u00bb4_4&#8243; _builder_version=\u00bb4.4.3&#8243;][et_pb_post_title meta=\u00bboff\u00bb featured_image=\u00bboff\u00bb text_color=\u00bblight\u00bb _builder_version=\u00bb4.4.3&#8243; title_font=\u00bbMontserrat|600|||||||\u00bb title_text_color=\u00bb#ffffff\u00bb title_font_size=\u00bb33px\u00bb custom_margin=\u00bb21px||-62px||false|false\u00bb hover_enabled=\u00bb0&#8243; title_text_shadow_style=\u00bbpreset2&#8243; title_text_shadow_blur_strength=\u00bb0.23em\u00bb title_text_shadow_color=\u00bb#000000&#8243;][\/et_pb_post_title][\/et_pb_column][\/et_pb_row][\/et_pb_section][et_pb_section fb_built=\u00bb1&#8243; _builder_version=\u00bb4.4.3&#8243; custom_padding=\u00bb38px||19px|||\u00bb][et_pb_row _builder_version=\u00bb4.4.3&#8243; custom_margin=\u00bb-4px|auto||auto||\u00bb custom_padding=\u00bb16px|||||\u00bb][et_pb_column type=\u00bb4_4&#8243; _builder_version=\u00bb4.4.3&#8243;][et_pb_text _builder_version=\u00bb4.4.3&#8243; text_font=\u00bbQuicksand||||||||\u00bb text_font_size=\u00bb19px\u00bb text_line_height=\u00bb1.8em\u00bb] Las cortinas enrollables son especiales para cubrir diferentes tama\u00f1os de ventanas, por esto una de sus caracter\u00edsticas principales es la versatilidad.Es un [&hellip;]<\/p>\n","protected":false},"author":1,"featured_media":0,"parent":146,"menu_order":0,"comment_status":"closed","ping_status":"closed","template":"","meta":{"_et_pb_use_builder":"on","_et_pb_old_content":"","_et_gb_content_width":"","_joinchat":[],"footnotes":""},"class_list":["post-157","page","type-page","status-publish","hentry"],"_links":{"self":[{"href":"https:\/\/persianaseleganthouse.com\/index.php\/wp-json\/wp\/v2\/pages\/157"}],"collection":[{"href":"https:\/\/persianaseleganthouse.com\/index.php\/wp-json\/wp\/v2\/pages"}],"about":[{"href":"https:\/\/persianaseleganthouse.com\/index.php\/wp-json\/wp\/v2\/types\/page"}],"author":[{"embeddable":true,"href":"https:\/\/persianaseleganthouse.com\/index.php\/wp-json\/wp\/v2\/users\/1"}],"replies":[{"embeddable":true,"href":"https:\/\/persianaseleganthouse.com\/index.php\/wp-json\/wp\/v2\/comments?post=157"}],"version-history":[{"count":23,"href":"https:\/\/persianaseleganthouse.com\/index.php\/wp-json\/wp\/v2\/pages\/157\/revisions"}],"predecessor-version":[{"id":909,"href":"https:\/\/persianaseleganthouse.com\/index.php\/wp-json\/wp\/v2\/pages\/157\/revisions\/909"}],"up":[{"embeddable":true,"href":"https:\/\/persianaseleganthouse.com\/index.php\/wp-json\/wp\/v2\/pages\/146"}],"wp:attachment":[{"href":"https:\/\/persianaseleganthouse.com\/index.php\/wp-json\/wp\/v2\/media?parent=157"}],"curies":[{"name":"wp","href":"https:\/\/api.w.org\/{rel}","templated":true}]}}