{"id":161,"date":"2020-04-22T13:33:59","date_gmt":"2020-04-22T13:33:59","guid":{"rendered":"http:\/\/persianaseleganthouse.com\/?page_id=161"},"modified":"2020-04-30T04:05:58","modified_gmt":"2020-04-30T09:05:58","slug":"romanas","status":"publish","type":"page","link":"https:\/\/persianaseleganthouse.com\/index.php\/nuestros-productos\/romanas\/","title":{"rendered":"Romanas"},"content":{"rendered":"<p>[et_pb_section fb_built=\u00bb1&#8243; _builder_version=\u00bb4.4.3&#8243; background_image=\u00bbhttps:\/\/persianaseleganthouse.com\/wp-content\/uploads\/2020\/03\/6364.jpg\u00bb][et_pb_row _builder_version=\u00bb4.4.3&#8243;][et_pb_column type=\u00bb4_4&#8243; _builder_version=\u00bb4.4.3&#8243;][et_pb_post_title meta=\u00bboff\u00bb featured_image=\u00bboff\u00bb text_color=\u00bblight\u00bb _builder_version=\u00bb4.4.3&#8243; title_font=\u00bbMontserrat|600|||||||\u00bb title_text_color=\u00bb#ffffff\u00bb title_font_size=\u00bb33px\u00bb custom_margin=\u00bb21px||-62px||false|false\u00bb title_text_shadow_style=\u00bbpreset2&#8243; title_text_shadow_blur_strength=\u00bb0.23em\u00bb title_text_shadow_color=\u00bb#000000&#8243;][\/et_pb_post_title][\/et_pb_column][\/et_pb_row][\/et_pb_section][et_pb_section fb_built=\u00bb1&#8243; _builder_version=\u00bb4.4.3&#8243;][et_pb_row _builder_version=\u00bb4.4.3&#8243;][et_pb_column type=\u00bb4_4&#8243; _builder_version=\u00bb4.4.3&#8243;][et_pb_text _builder_version=\u00bb4.4.3&#8243; text_font=\u00bbQuicksand||||||||\u00bb text_font_size=\u00bb17px\u00bb text_line_height=\u00bb1.8em\u00bb]<\/p>\n<p>La Cortina Romana es un dise\u00f1o compuesto por m\u00f3dulos horizontales plegables. Tiene un accionamiento suave y c\u00f3modo, perfectamente acoplado a la discreci\u00f3n que se maneja en todos los accesorios de la cortina.<br \/> Adem\u00e1s de la gran variedad de telas y texturas, las Romanas de Panorama tienen como valor est\u00e9tico la inclusi\u00f3n de sesgos en algunas referencias, que adem\u00e1s de estilizar su dise\u00f1o, protegen los bordes de la tela.<\/p>\n<p>Es un producto ideal para darle calidez a los espacios. Usualmente se usa en espacios residenciales. Se divide en pliegues por medio de unos perfiles de aluminio delgado. Los pliegues se van recogiendo a medida que se hala el cordel.<\/p>\n<p><strong><\/strong><\/p>\n<p><strong>Caracter\u00edsticas<\/strong><br \/> \u2022 Est\u00e1n disponibles en una amplia gama de materiales, colores y texturas, entre los cuales est\u00e1n tejidos (Screen), tejidos decorativos y tejidos blackout. En total el portafolio de telas incluye m\u00e1s de 600 dise\u00f1os.<br \/> \u2022 Se fabrican en varios sistemas de accionamiento: est\u00e1ndar (de cordeles), omnirise (de cordel continuo child safety) o motorizadas.<br \/> \u2022 Los accesorios como perfiles, cordeles, conos vienen en colores los cuales se coordinan con el color de la tela.<br \/> \u2022 Accionamiento manual o motorizado. la motorizaci\u00f3n se puede realizar desde un control remoto o un switch a la pared.<br \/> \u2022 Adem\u00e1s de motorizarse se pueden integrar con sistemas de Dom\u00f3tica en casas\/oficinas inteligentes<br \/> Garant\u00eda de 2 a 5 a\u00f1os seg\u00fan la tela, y por defectos de fabricaci\u00f3n<\/p>\n<p>[\/et_pb_text][\/et_pb_column][\/et_pb_row][\/et_pb_section][et_pb_section fb_built=\u00bb1&#8243; _builder_version=\u00bb4.4.3&#8243;][et_pb_row _builder_version=\u00bb4.4.3&#8243;][et_pb_column type=\u00bb4_4&#8243; _builder_version=\u00bb4.4.3&#8243;][et_pb_gallery gallery_ids=\u00bb245,246,247,248,249,251,252,533,534,535,536,537,538,539,540,541,542,543,544,545,546,547&#8243; posts_number=\u00bb8&#8243; show_title_and_caption=\u00bboff\u00bb _builder_version=\u00bb4.4.3&#8243; hover_enabled=\u00bb0&#8243;][\/et_pb_gallery][\/et_pb_column][\/et_pb_row][\/et_pb_section]<\/p>\n","protected":false},"excerpt":{"rendered":"<p>[et_pb_section fb_built=\u00bb1&#8243; _builder_version=\u00bb4.4.3&#8243; background_image=\u00bbhttps:\/\/persianaseleganthouse.com\/wp-content\/uploads\/2020\/03\/6364.jpg\u00bb][et_pb_row _builder_version=\u00bb4.4.3&#8243;][et_pb_column type=\u00bb4_4&#8243; _builder_version=\u00bb4.4.3&#8243;][et_pb_post_title meta=\u00bboff\u00bb featured_image=\u00bboff\u00bb text_color=\u00bblight\u00bb _builder_version=\u00bb4.4.3&#8243; title_font=\u00bbMontserrat|600|||||||\u00bb title_text_color=\u00bb#ffffff\u00bb title_font_size=\u00bb33px\u00bb custom_margin=\u00bb21px||-62px||false|false\u00bb title_text_shadow_style=\u00bbpreset2&#8243; title_text_shadow_blur_strength=\u00bb0.23em\u00bb title_text_shadow_color=\u00bb#000000&#8243;][\/et_pb_post_title][\/et_pb_column][\/et_pb_row][\/et_pb_section][et_pb_section fb_built=\u00bb1&#8243; _builder_version=\u00bb4.4.3&#8243;][et_pb_row _builder_version=\u00bb4.4.3&#8243;][et_pb_column type=\u00bb4_4&#8243; _builder_version=\u00bb4.4.3&#8243;][et_pb_text _builder_version=\u00bb4.4.3&#8243; text_font=\u00bbQuicksand||||||||\u00bb text_font_size=\u00bb17px\u00bb text_line_height=\u00bb1.8em\u00bb] La Cortina Romana es un dise\u00f1o compuesto por m\u00f3dulos horizontales plegables. Tiene un accionamiento suave y c\u00f3modo, perfectamente acoplado a la discreci\u00f3n que se maneja en todos los [&hellip;]<\/p>\n","protected":false},"author":1,"featured_media":0,"parent":146,"menu_order":0,"comment_status":"closed","ping_status":"closed","template":"","meta":{"_et_pb_use_builder":"on","_et_pb_old_content":"","_et_gb_content_width":"","_joinchat":[],"footnotes":""},"class_list":["post-161","page","type-page","status-publish","hentry"],"_links":{"self":[{"href":"https:\/\/persianaseleganthouse.com\/index.php\/wp-json\/wp\/v2\/pages\/161"}],"collection":[{"href":"https:\/\/persianaseleganthouse.com\/index.php\/wp-json\/wp\/v2\/pages"}],"about":[{"href":"https:\/\/persianaseleganthouse.com\/index.php\/wp-json\/wp\/v2\/types\/page"}],"author":[{"embeddable":true,"href":"https:\/\/persianaseleganthouse.com\/index.php\/wp-json\/wp\/v2\/users\/1"}],"replies":[{"embeddable":true,"href":"https:\/\/persianaseleganthouse.com\/index.php\/wp-json\/wp\/v2\/comments?post=161"}],"version-history":[{"count":8,"href":"https:\/\/persianaseleganthouse.com\/index.php\/wp-json\/wp\/v2\/pages\/161\/revisions"}],"predecessor-version":[{"id":549,"href":"https:\/\/persianaseleganthouse.com\/index.php\/wp-json\/wp\/v2\/pages\/161\/revisions\/549"}],"up":[{"embeddable":true,"href":"https:\/\/persianaseleganthouse.com\/index.php\/wp-json\/wp\/v2\/pages\/146"}],"wp:attachment":[{"href":"https:\/\/persianaseleganthouse.com\/index.php\/wp-json\/wp\/v2\/media?parent=161"}],"curies":[{"name":"wp","href":"https:\/\/api.w.org\/{rel}","templated":true}]}}