{"id":628,"date":"2020-05-06T13:02:58","date_gmt":"2020-05-06T18:02:58","guid":{"rendered":"http:\/\/persianaseleganthouse.com\/?page_id=628"},"modified":"2020-05-06T13:05:19","modified_gmt":"2020-05-06T18:05:19","slug":"pelicula-solar","status":"publish","type":"page","link":"https:\/\/persianaseleganthouse.com\/index.php\/nuestros-productos\/pelicula-solar\/","title":{"rendered":"Pel\u00edcula Solar"},"content":{"rendered":"<p>[et_pb_section fb_built=\u00bb1&#8243; _builder_version=\u00bb4.4.3&#8243; background_image=\u00bbhttps:\/\/persianaseleganthouse.com\/wp-content\/uploads\/2020\/03\/6364.jpg\u00bb][et_pb_row _builder_version=\u00bb4.4.3&#8243;][et_pb_column type=\u00bb4_4&#8243; _builder_version=\u00bb4.4.3&#8243;][et_pb_post_title meta=\u00bboff\u00bb featured_image=\u00bboff\u00bb text_color=\u00bblight\u00bb _builder_version=\u00bb4.4.3&#8243; title_font=\u00bbMontserrat|600|||||||\u00bb title_text_color=\u00bb#ffffff\u00bb title_font_size=\u00bb33px\u00bb custom_margin=\u00bb21px||-62px||false|false\u00bb title_text_shadow_style=\u00bbpreset2&#8243; title_text_shadow_blur_strength=\u00bb0.23em\u00bb title_text_shadow_color=\u00bb#000000&#8243;][\/et_pb_post_title][\/et_pb_column][\/et_pb_row][\/et_pb_section][et_pb_section fb_built=\u00bb1&#8243; _builder_version=\u00bb4.4.3&#8243; custom_padding=\u00bb38px||19px|||\u00bb][et_pb_row _builder_version=\u00bb4.4.3&#8243; custom_margin=\u00bb-4px|auto||auto||\u00bb custom_padding=\u00bb16px|||||\u00bb][et_pb_column type=\u00bb4_4&#8243; _builder_version=\u00bb4.4.3&#8243;][et_pb_text _builder_version=\u00bb4.4.3&#8243; text_font=\u00bbQuicksand||||||||\u00bb text_font_size=\u00bb19px\u00bb text_line_height=\u00bb1.8em\u00bb]<\/p>\n<p><strong>Mejoran\u00a0la comodidad, la eficiencia energ\u00e9tica, la seguridad y el aspecto de cualquier habitaci\u00f3n. Las pel\u00edculas tambi\u00e9n ayudan a preservar la vista, mientras resguardan al mobiliario de los rayos UV, lo que reduce el efecto del desgaste y ayuda a protegerlos. Tambi\u00e9n puede usar las pel\u00edculas para disfrutar de la vista mientras disminuye la preocupaci\u00f3n por el desgaste de los muebles o el costo de la energ\u00eda.<\/strong><\/p>\n<p>CONTROL SOLAR<\/p>\n<p><strong>Reducci\u00f3n potencial de los costos de enfriamiento, por disminuir la carga solar entrando por las ventanas<\/strong><\/p>\n<p><strong>Mayor eficiencia de los HVAC por reducir la variabilidad entre \u00e1reas calientes- frias (hot spot- cold spot) \u2022Reduce los desbalances de temperatura<\/strong><\/p>\n<p><strong>Minimiza el brillo (resplandor)<\/strong><\/p>\n<p>SEGURIDAD<\/p>\n<p><strong>Que el vidrio se rompa de manera segura<\/strong><\/p>\n<p><strong>Tambi\u00e9n pueden reducir el riesgo de posibles lesiones y da\u00f1os a las personas \u2022Evita que el vidrio se proyecte hacia el interior<\/strong><\/p>\n<p>&nbsp;<\/p>\n<p>[\/et_pb_text][\/et_pb_column][\/et_pb_row][\/et_pb_section][et_pb_section fb_built=\u00bb1&#8243; _builder_version=\u00bb4.4.3&#8243; custom_padding=\u00bb38px|||||\u00bb][et_pb_row _builder_version=\u00bb4.4.3&#8243;][et_pb_column type=\u00bb4_4&#8243; _builder_version=\u00bb4.4.3&#8243;][et_pb_gallery gallery_ids=\u00bb635,636,633,634,637,638&#8243; posts_number=\u00bb12&#8243; show_title_and_caption=\u00bboff\u00bb _builder_version=\u00bb4.4.3&#8243;][\/et_pb_gallery][\/et_pb_column][\/et_pb_row][\/et_pb_section]<\/p>\n","protected":false},"excerpt":{"rendered":"<p>[et_pb_section fb_built=\u00bb1&#8243; _builder_version=\u00bb4.4.3&#8243; background_image=\u00bbhttps:\/\/persianaseleganthouse.com\/wp-content\/uploads\/2020\/03\/6364.jpg\u00bb][et_pb_row _builder_version=\u00bb4.4.3&#8243;][et_pb_column type=\u00bb4_4&#8243; _builder_version=\u00bb4.4.3&#8243;][et_pb_post_title meta=\u00bboff\u00bb featured_image=\u00bboff\u00bb text_color=\u00bblight\u00bb _builder_version=\u00bb4.4.3&#8243; title_font=\u00bbMontserrat|600|||||||\u00bb title_text_color=\u00bb#ffffff\u00bb title_font_size=\u00bb33px\u00bb custom_margin=\u00bb21px||-62px||false|false\u00bb title_text_shadow_style=\u00bbpreset2&#8243; title_text_shadow_blur_strength=\u00bb0.23em\u00bb title_text_shadow_color=\u00bb#000000&#8243;][\/et_pb_post_title][\/et_pb_column][\/et_pb_row][\/et_pb_section][et_pb_section fb_built=\u00bb1&#8243; _builder_version=\u00bb4.4.3&#8243; custom_padding=\u00bb38px||19px|||\u00bb][et_pb_row _builder_version=\u00bb4.4.3&#8243; custom_margin=\u00bb-4px|auto||auto||\u00bb custom_padding=\u00bb16px|||||\u00bb][et_pb_column type=\u00bb4_4&#8243; _builder_version=\u00bb4.4.3&#8243;][et_pb_text _builder_version=\u00bb4.4.3&#8243; text_font=\u00bbQuicksand||||||||\u00bb text_font_size=\u00bb19px\u00bb text_line_height=\u00bb1.8em\u00bb] Mejoran\u00a0la comodidad, la eficiencia energ\u00e9tica, la seguridad y el aspecto de cualquier habitaci\u00f3n. Las pel\u00edculas tambi\u00e9n ayudan a preservar la vista, mientras resguardan al mobiliario [&hellip;]<\/p>\n","protected":false},"author":1,"featured_media":0,"parent":146,"menu_order":0,"comment_status":"closed","ping_status":"closed","template":"","meta":{"_et_pb_use_builder":"on","_et_pb_old_content":"","_et_gb_content_width":"","_joinchat":[],"footnotes":""},"class_list":["post-628","page","type-page","status-publish","hentry"],"_links":{"self":[{"href":"https:\/\/persianaseleganthouse.com\/index.php\/wp-json\/wp\/v2\/pages\/628"}],"collection":[{"href":"https:\/\/persianaseleganthouse.com\/index.php\/wp-json\/wp\/v2\/pages"}],"about":[{"href":"https:\/\/persianaseleganthouse.com\/index.php\/wp-json\/wp\/v2\/types\/page"}],"author":[{"embeddable":true,"href":"https:\/\/persianaseleganthouse.com\/index.php\/wp-json\/wp\/v2\/users\/1"}],"replies":[{"embeddable":true,"href":"https:\/\/persianaseleganthouse.com\/index.php\/wp-json\/wp\/v2\/comments?post=628"}],"version-history":[{"count":4,"href":"https:\/\/persianaseleganthouse.com\/index.php\/wp-json\/wp\/v2\/pages\/628\/revisions"}],"predecessor-version":[{"id":640,"href":"https:\/\/persianaseleganthouse.com\/index.php\/wp-json\/wp\/v2\/pages\/628\/revisions\/640"}],"up":[{"embeddable":true,"href":"https:\/\/persianaseleganthouse.com\/index.php\/wp-json\/wp\/v2\/pages\/146"}],"wp:attachment":[{"href":"https:\/\/persianaseleganthouse.com\/index.php\/wp-json\/wp\/v2\/media?parent=628"}],"curies":[{"name":"wp","href":"https:\/\/api.w.org\/{rel}","templated":true}]}}